{"id":10097,"date":"2024-05-22T17:10:55","date_gmt":"2024-05-22T15:10:55","guid":{"rendered":"http:\/\/www.juergen-stauch.de\/?page_id=10097"},"modified":"2024-05-24T00:42:49","modified_gmt":"2024-05-23T22:42:49","slug":"fuer-sie","status":"publish","type":"page","link":"https:\/\/www.juergen-stauch.de\/?page_id=10097","title":{"rendered":"F\u00fcr Sie"},"content":{"rendered":"<div class=\"avia_inner_shortcode avia-edit-element\">\n<h4 data-update_with=\"content\">Ist etwas f\u00fcr Sie dabei?<\/h4>\n<div data-update_with=\"content\">&nbsp;<\/div>\n<div class=\"avia_textblock avia_textblock_style\" data-update_with=\"content\">Mit Auftragsfotografie Geld verdienen? Kann man machen. Ist dann aber nicht mehr das, was es einem urspr\u00fcnglich bedeutet hat. Und so muss jeder f\u00fcr sich entscheiden, was ihm wichtiger ist. Meine Entscheidung fiel auf die angenehme Seite der Fotografie: Ich widme mich ausschlie\u00dflich freien Arbeiten, lichte also nur noch ab, was mir gef\u00e4llt.<\/div>\n<\/div>\n<div data-update_with=\"content\">&nbsp;<\/div>\n<div class=\"avia_textblock avia_textblock_style\" data-update_with=\"content\">Ich freue mich, wenn Ihnen eines (oder mehrere) meiner Bilder gef\u00e4llt und sie es nutzen m\u00f6chten. Gerne: Nehmen Sie einfach Kontakt zu mir auf. Nutzen Sie dazu einfach das untenstehende Kontaktformular. Verwenden Sie Bilder bitte ausschlie\u00dflich mit meinem Einverst\u00e4ndnis, denn sonst stellt es einen Versto\u00df gegen das Urheberrecht dar.<\/div>\n<div data-update_with=\"content\">&nbsp;<\/div>\n<div data-update_with=\"content\">Gerne stehe ich mit Rat und Tat zu Seite, wenn Sie Bilder f\u00fcr Ihr Projekt nutzen m\u00f6chten. Zur Umsetzung greife ich auf einen Dienstleister zur\u00fcck, um nahezu f\u00fcr jeden Zweck das geeignete Bild zu finden. Angefangen von einfachem Kunststoff-Tr\u00e4germaterial \u00fcber Leinw\u00e4nde bis zu edlen Galerie-Drucken auf Aluminium mit Acryl-Finish. Dem Format sind kaum Grenzen gesetzt. Nat\u00fcrlich sind auch Specials m\u00f6glich wie Magnetfolien und Fotogeschenke (Tassen, Mauspads, Kissen, Decken, Puzzles usw.).<\/div>\n<div>&nbsp;<\/div>\n<div>\n<div class=\"wpcf7 no-js\" id=\"wpcf7-f90-o1\" lang=\"de-DE\" dir=\"ltr\" data-wpcf7-id=\"90\">\n<div class=\"screen-reader-response\"><p role=\"status\" aria-live=\"polite\" aria-atomic=\"true\"><\/p> <ul><\/ul><\/div>\n<form action=\"\/index.php?rest_route=%2Fwp%2Fv2%2Fpages%2F10097#wpcf7-f90-o1\" method=\"post\" class=\"wpcf7-form init\" aria-label=\"Kontaktformular\" novalidate=\"novalidate\" data-status=\"init\">\n<fieldset class=\"hidden-fields-container\"><input type=\"hidden\" name=\"_wpcf7\" value=\"90\" \/><input type=\"hidden\" name=\"_wpcf7_version\" value=\"6.1.5\" \/><input type=\"hidden\" name=\"_wpcf7_locale\" value=\"de_DE\" \/><input type=\"hidden\" name=\"_wpcf7_unit_tag\" value=\"wpcf7-f90-o1\" \/><input type=\"hidden\" name=\"_wpcf7_container_post\" value=\"0\" \/><input type=\"hidden\" name=\"_wpcf7_posted_data_hash\" value=\"\" \/>\n<\/fieldset>\n<p>Ihr Name (Pflichtfeld)\n<\/p>\n<p><span class=\"wpcf7-form-control-wrap\" data-name=\"your-name\"><input size=\"40\" maxlength=\"400\" class=\"wpcf7-form-control wpcf7-text wpcf7-validates-as-required\" aria-required=\"true\" aria-invalid=\"false\" value=\"\" type=\"text\" name=\"your-name\" \/><\/span>\n<\/p>\n<p>Ihre E-Mail-Adresse (Pflichtfeld)\n<\/p>\n<p><span class=\"wpcf7-form-control-wrap\" data-name=\"your-email\"><input size=\"40\" maxlength=\"400\" class=\"wpcf7-form-control wpcf7-email wpcf7-validates-as-required wpcf7-text wpcf7-validates-as-email\" aria-required=\"true\" aria-invalid=\"false\" value=\"\" type=\"email\" name=\"your-email\" \/><\/span>\n<\/p>\n<p>Betreff\n<\/p>\n<p><span class=\"wpcf7-form-control-wrap\" data-name=\"your-subject\"><input size=\"40\" maxlength=\"400\" class=\"wpcf7-form-control wpcf7-text\" aria-invalid=\"false\" value=\"\" type=\"text\" name=\"your-subject\" \/><\/span>\n<\/p>\n<p>Ihre Nachricht\n<\/p>\n<p><span class=\"wpcf7-form-control-wrap\" data-name=\"your-message\"><textarea cols=\"40\" rows=\"10\" maxlength=\"2000\" class=\"wpcf7-form-control wpcf7-textarea\" aria-invalid=\"false\" name=\"your-message\"><\/textarea><\/span>\n<\/p>\n<p><input type=\"hidden\" name=\"_wpcf7_captcha_challenge_captcha-697\" value=\"2114538171\" \/><img loading=\"lazy\" decoding=\"async\" class=\"wpcf7-form-control wpcf7-captchac wpcf7-captcha-captcha-697\" width=\"72\" height=\"24\" alt=\"captcha\" src=\"https:\/\/www.juergen-stauch.de\/wp-content\/uploads\/wpcf7_captcha\/2114538171.png\" \/><br \/>\n<span class=\"wpcf7-form-control-wrap\" data-name=\"captcha-697\"><input size=\"40\" class=\"wpcf7-form-control wpcf7-captchar\" autocomplete=\"off\" aria-invalid=\"false\" value=\"\" type=\"text\" name=\"captcha-697\" \/><\/span><br \/>\nSpamschutz: Bitte obige Zeichenfolge hier eintragen.\n<\/p>\n<p><input class=\"wpcf7-form-control wpcf7-submit has-spinner\" type=\"submit\" value=\"Senden\" \/>\n<\/p><div class=\"wpcf7-response-output\" aria-hidden=\"true\"><\/div>\n<\/form>\n<\/div>\n<\/div>\n","protected":false},"excerpt":{"rendered":"<p>Ist etwas f\u00fcr Sie dabei? &nbsp; Mit Auftragsfotografie Geld verdienen? Kann man machen. Ist dann aber nicht mehr das, was es einem urspr\u00fcnglich bedeutet hat. &hellip;<\/p>\n","protected":false},"author":1,"featured_media":0,"parent":0,"menu_order":0,"comment_status":"closed","ping_status":"closed","template":"","meta":{"ngg_post_thumbnail":0,"footnotes":""},"class_list":["post-10097","page","type-page","status-publish","hentry"],"_links":{"self":[{"href":"https:\/\/www.juergen-stauch.de\/index.php?rest_route=\/wp\/v2\/pages\/10097","targetHints":{"allow":["GET"]}}],"collection":[{"href":"https:\/\/www.juergen-stauch.de\/index.php?rest_route=\/wp\/v2\/pages"}],"about":[{"href":"https:\/\/www.juergen-stauch.de\/index.php?rest_route=\/wp\/v2\/types\/page"}],"author":[{"embeddable":true,"href":"https:\/\/www.juergen-stauch.de\/index.php?rest_route=\/wp\/v2\/users\/1"}],"replies":[{"embeddable":true,"href":"https:\/\/www.juergen-stauch.de\/index.php?rest_route=%2Fwp%2Fv2%2Fcomments&post=10097"}],"version-history":[{"count":7,"href":"https:\/\/www.juergen-stauch.de\/index.php?rest_route=\/wp\/v2\/pages\/10097\/revisions"}],"predecessor-version":[{"id":10143,"href":"https:\/\/www.juergen-stauch.de\/index.php?rest_route=\/wp\/v2\/pages\/10097\/revisions\/10143"}],"wp:attachment":[{"href":"https:\/\/www.juergen-stauch.de\/index.php?rest_route=%2Fwp%2Fv2%2Fmedia&parent=10097"}],"curies":[{"name":"wp","href":"https:\/\/api.w.org\/{rel}","templated":true}]}}