{"id":63,"date":"2014-01-31T20:11:55","date_gmt":"2014-01-31T18:11:55","guid":{"rendered":"http:\/\/www.juergen-stauch.de\/?page_id=63"},"modified":"2025-02-23T01:53:41","modified_gmt":"2025-02-22T23:53:41","slug":"ueber-mich","status":"publish","type":"page","link":"https:\/\/www.juergen-stauch.de\/?page_id=63","title":{"rendered":"\u00dcber mich"},"content":{"rendered":"<h4>Herzlich Willkommen auf meiner Fotoseite im WorldWideWeb<\/h4>\n<p>Mein Name ist J\u00fcrgen Stauch. Ich wuchs im n\u00f6rdlichen Frankenland auf und besch\u00e4ftige mich seit Mai 2013 mit der digitalen Spiegelreflexfotografie. Vorher habe ich mit verschiedenen Kompaktkameras vornehmlich im Urlaub Bilder gemacht. Allerdings hatte ich mit ca. f\u00fcnfzehn Jahren eine Olympus OM-10 mit verschiedenen Objektiven und Filtern, die ich allerdings (aus heutiger Sicht &#8211; leider) damals verkauft habe.<\/p>\n<p>Im Mai 2013 stand ich also vor der Wahl: Nikon &#8211; Canon &#8211; Sony &#8211; Olympus &#8211; Pentax??? Ich habe tagelang verschiedene Foren durchk\u00e4mmt und Testberichte gelesen. H\u00e4ngen geblieben bin ich dann letztendlich bei Nikon.<\/p>\n<p>Meine bevorzugten Motive sind:<\/p>\n<p>&#8211; Makro<br \/>\n&#8211; Tiere<br \/>\n&#8211; Pflanzen (Blumen)<br \/>\n&#8211; Langzeitbelichtungen (Lightpainting)<br \/>\n&#8211; Lost Places<br \/>\n&#8211; Architektur<\/p>\n<p>Momentan benutze ich das Z-System von Nikon.<\/p>\n<p>Als Mitadmin und Mitgruppengr\u00fcnder der Fotogruppe &#8222;Rosenkreutzer&#8220; habe ich zum Jahresanfang 2016 diese Gruppe verlassen und mich der <a href=\"https:\/\/fotogruppe-bad-ste.de\" target=\"_blank\" rel=\"noopener\">Fotogruppe Bad Staffelstein<\/a> angeschlossen.<\/p>\n<p>Desweiteren habe ich bereits in 2015 zusammen mit meinem Freund Markus Rittmann die Facebook-Gruppe &#8222;Fotofreaks Oberfranken&#8220; ins Leben gerufen. Im Rahmen dieser Gruppe haben wir auch Fotowalks angeboten. Aus Zeitmangel haben wir die Facebook-Gruppe archivieren m\u00fcssen.<\/p>\n<p>&nbsp;<\/p>\n<p>Es existieren drei von mir betreute Fotogruppen auf dem Portal Flickr. (anklicken)<\/p>\n<p><a href=\"https:\/\/flic.kr\/g\/pkHuH\">&#8211; Unser sch\u00f6nes Oberranken<\/a><\/p>\n<p><a href=\"https:\/\/flic.kr\/gm\/3fnpgP\">&#8211; Die sch\u00f6ne Rh\u00f6n<\/a><\/p>\n<p><a href=\"https:\/\/flic.kr\/g\/3gRbNS\">&#8211; Nikon Z 800\/6.3 PF<\/a><\/p>\n<p>&nbsp;<\/p>\n<p>Alles in allem versuche ich durch eine gute Ausr\u00fcstung auch ansprechende Bilder zu machen.<\/p>\n<p>Ob mir dies gelungen ist, k\u00f6nnen Sie selber beurteilen. Vielleicht gef\u00e4llt Ihnen das eine oder andere Bild?&nbsp; Dann schauen Sie einfach <a href=\"https:\/\/www.juergen-stauch.de\/?page_id=10097\">hier<\/a> vorbei.<\/p>\n<hr>\n<p>&nbsp;<\/p>\n<p><strong>Hier k\u00f6nnen Sie mir eine Nachricht senden:<\/strong><\/p>\n<p>&nbsp;<\/p>\n\n<div class=\"wpcf7 no-js\" id=\"wpcf7-f90-o1\" lang=\"de-DE\" dir=\"ltr\" data-wpcf7-id=\"90\">\n<div class=\"screen-reader-response\"><p role=\"status\" aria-live=\"polite\" aria-atomic=\"true\"><\/p> <ul><\/ul><\/div>\n<form action=\"\/index.php?rest_route=%2Fwp%2Fv2%2Fpages%2F63#wpcf7-f90-o1\" method=\"post\" class=\"wpcf7-form init\" aria-label=\"Kontaktformular\" novalidate=\"novalidate\" data-status=\"init\">\n<fieldset class=\"hidden-fields-container\"><input type=\"hidden\" name=\"_wpcf7\" value=\"90\" \/><input type=\"hidden\" name=\"_wpcf7_version\" value=\"6.1.5\" \/><input type=\"hidden\" name=\"_wpcf7_locale\" value=\"de_DE\" \/><input type=\"hidden\" name=\"_wpcf7_unit_tag\" value=\"wpcf7-f90-o1\" \/><input type=\"hidden\" name=\"_wpcf7_container_post\" value=\"0\" \/><input type=\"hidden\" name=\"_wpcf7_posted_data_hash\" value=\"\" \/>\n<\/fieldset>\n<p>Ihr Name (Pflichtfeld)\n<\/p>\n<p><span class=\"wpcf7-form-control-wrap\" data-name=\"your-name\"><input size=\"40\" maxlength=\"400\" class=\"wpcf7-form-control wpcf7-text wpcf7-validates-as-required\" aria-required=\"true\" aria-invalid=\"false\" value=\"\" type=\"text\" name=\"your-name\" \/><\/span>\n<\/p>\n<p>Ihre E-Mail-Adresse (Pflichtfeld)\n<\/p>\n<p><span class=\"wpcf7-form-control-wrap\" data-name=\"your-email\"><input size=\"40\" maxlength=\"400\" class=\"wpcf7-form-control wpcf7-email wpcf7-validates-as-required wpcf7-text wpcf7-validates-as-email\" aria-required=\"true\" aria-invalid=\"false\" value=\"\" type=\"email\" name=\"your-email\" \/><\/span>\n<\/p>\n<p>Betreff\n<\/p>\n<p><span class=\"wpcf7-form-control-wrap\" data-name=\"your-subject\"><input size=\"40\" maxlength=\"400\" class=\"wpcf7-form-control wpcf7-text\" aria-invalid=\"false\" value=\"\" type=\"text\" name=\"your-subject\" \/><\/span>\n<\/p>\n<p>Ihre Nachricht\n<\/p>\n<p><span class=\"wpcf7-form-control-wrap\" data-name=\"your-message\"><textarea cols=\"40\" rows=\"10\" maxlength=\"2000\" class=\"wpcf7-form-control wpcf7-textarea\" aria-invalid=\"false\" name=\"your-message\"><\/textarea><\/span>\n<\/p>\n<p><input type=\"hidden\" name=\"_wpcf7_captcha_challenge_captcha-697\" value=\"3279783112\" \/><img loading=\"lazy\" decoding=\"async\" class=\"wpcf7-form-control wpcf7-captchac wpcf7-captcha-captcha-697\" width=\"72\" height=\"24\" alt=\"captcha\" src=\"https:\/\/www.juergen-stauch.de\/wp-content\/uploads\/wpcf7_captcha\/3279783112.png\" \/><br \/>\n<span class=\"wpcf7-form-control-wrap\" data-name=\"captcha-697\"><input size=\"40\" class=\"wpcf7-form-control wpcf7-captchar\" autocomplete=\"off\" aria-invalid=\"false\" value=\"\" type=\"text\" name=\"captcha-697\" \/><\/span><br \/>\nSpamschutz: Bitte obige Zeichenfolge hier eintragen.\n<\/p>\n<p><input class=\"wpcf7-form-control wpcf7-submit has-spinner\" type=\"submit\" value=\"Senden\" \/>\n<\/p><div class=\"wpcf7-response-output\" aria-hidden=\"true\"><\/div>\n<\/form>\n<\/div>\n\n","protected":false},"excerpt":{"rendered":"<p>Herzlich Willkommen auf meiner Fotoseite im WorldWideWeb Mein Name ist J\u00fcrgen Stauch. Ich wuchs im n\u00f6rdlichen Frankenland auf und besch\u00e4ftige mich seit Mai 2013 mit &hellip;<\/p>\n","protected":false},"author":1,"featured_media":0,"parent":0,"menu_order":0,"comment_status":"closed","ping_status":"closed","template":"","meta":{"ngg_post_thumbnail":0,"footnotes":""},"class_list":["post-63","page","type-page","status-publish","hentry"],"_links":{"self":[{"href":"https:\/\/www.juergen-stauch.de\/index.php?rest_route=\/wp\/v2\/pages\/63","targetHints":{"allow":["GET"]}}],"collection":[{"href":"https:\/\/www.juergen-stauch.de\/index.php?rest_route=\/wp\/v2\/pages"}],"about":[{"href":"https:\/\/www.juergen-stauch.de\/index.php?rest_route=\/wp\/v2\/types\/page"}],"author":[{"embeddable":true,"href":"https:\/\/www.juergen-stauch.de\/index.php?rest_route=\/wp\/v2\/users\/1"}],"replies":[{"embeddable":true,"href":"https:\/\/www.juergen-stauch.de\/index.php?rest_route=%2Fwp%2Fv2%2Fcomments&post=63"}],"version-history":[{"count":28,"href":"https:\/\/www.juergen-stauch.de\/index.php?rest_route=\/wp\/v2\/pages\/63\/revisions"}],"predecessor-version":[{"id":10303,"href":"https:\/\/www.juergen-stauch.de\/index.php?rest_route=\/wp\/v2\/pages\/63\/revisions\/10303"}],"wp:attachment":[{"href":"https:\/\/www.juergen-stauch.de\/index.php?rest_route=%2Fwp%2Fv2%2Fmedia&parent=63"}],"curies":[{"name":"wp","href":"https:\/\/api.w.org\/{rel}","templated":true}]}}